{"id":14821,"date":"2023-03-19T13:56:27","date_gmt":"2023-03-19T12:56:27","guid":{"rendered":"https:\/\/anti-stress-team.de\/academy\/?page_id=14821"},"modified":"2024-07-29T21:43:20","modified_gmt":"2024-07-29T19:43:20","slug":"kostenloser-burnout-test","status":"publish","type":"page","link":"https:\/\/anti-stress-team.de\/academy\/kostenloser-burnout-test\/","title":{"rendered":"Kostenloser Burnout-Test"},"content":{"rendered":"\n<div class=\"wp-block-cover is-light\" style=\"min-height:300px;aspect-ratio:unset;\"><span aria-hidden=\"true\" class=\"wp-block-cover__background has-background-dim\" style=\"background-color:#b9b2ab\"><\/span><img loading=\"lazy\" decoding=\"async\" width=\"1500\" height=\"733\" class=\"wp-block-cover__image-background wp-image-2012\" alt=\"Kostenloser Burnout Test\" src=\"https:\/\/anti-stress-team.de\/academy\/wp-content\/uploads\/2020\/03\/burnout-test.jpg\" data-object-fit=\"cover\" srcset=\"https:\/\/anti-stress-team.de\/academy\/wp-content\/uploads\/2020\/03\/burnout-test.jpg 1500w, https:\/\/anti-stress-team.de\/academy\/wp-content\/uploads\/2020\/03\/burnout-test-300x147.jpg 300w, https:\/\/anti-stress-team.de\/academy\/wp-content\/uploads\/2020\/03\/burnout-test-1024x500.jpg 1024w, https:\/\/anti-stress-team.de\/academy\/wp-content\/uploads\/2020\/03\/burnout-test-768x375.jpg 768w, https:\/\/anti-stress-team.de\/academy\/wp-content\/uploads\/2020\/03\/burnout-test-400x195.jpg 400w, https:\/\/anti-stress-team.de\/academy\/wp-content\/uploads\/2020\/03\/burnout-test-624x305.jpg 624w, https:\/\/anti-stress-team.de\/academy\/wp-content\/uploads\/2020\/03\/burnout-test-600x293.jpg 600w\" sizes=\"auto, (max-width: 1500px) 100vw, 1500px\" \/><div class=\"wp-block-cover__inner-container is-layout-flow wp-block-cover-is-layout-flow\">\n<h1 class=\"wp-block-heading has-text-align-center has-white-color has-text-color has-large-font-size\"><strong>Kostenloser Burnout-Test<\/strong><\/h1>\n<\/div><\/div>\n\n\n\n<div class=\"wp-block-uagb-container uagb-block-1dc6cf32 alignfull uagb-is-root-container\"><div class=\"uagb-container-inner-blocks-wrap\">\n<h2 class=\"wp-block-heading\">Noch chilled oder schon im Burnout?<\/h2>\n\n\n\n<p>Dieser Burnout-Test basiert auf dem&nbsp;<strong>bew\u00e4hrten Verfahren des \u201eCopenhagen Burnout Inventory (CPI)\u201c<\/strong>&nbsp;und wendet sich an&nbsp;<strong>Berufst\u00e4tige oder Menschen, die einer regelm\u00e4\u00dfigen Besch\u00e4ftigung nachgehen<\/strong>&nbsp;(auch Selbst\u00e4ndige oder Studenten).<\/p>\n\n\n\n<h2 class=\"wp-block-heading\">Gratis f\u00fcr dich!<\/h2>\n\n\n\n<p>Nach Abschluss des Tests erh\u00e4ltst du eine&nbsp;<strong>Auswertung zu deiner Punktzahl&nbsp;<\/strong>und kannst deine&nbsp;<strong>pers\u00f6nliche Auswertung mit ma\u00dfgeschneiderten Strategien und Empfehlungen<\/strong>&nbsp;abrufen.<\/p>\n\n\n<div class=\"frm_forms  with_frm_style frm_style_lines-no-boxes frm_chat_form_cont\" id=\"frm_form_34_container\" >\n<form enctype=\"multipart\/form-data\" method=\"post\" class=\"frm-show-form  frm_js_validate  frm_pro_form \" id=\"form_copenhagenburnoutinventory2\" >\n<div class=\"frm_form_fields  frm_page_num_1\">\n<fieldset>\n<legend class=\"frm_screen_reader\">Copenhagen Burnout Inventory &#8211; Neu 2023<\/legend>\r\n\r\n<div class=\"frm_chat_form frm_fields_container\">\n<input type=\"hidden\" name=\"frm_action\" value=\"create\" \/>\n<div class=\"frm_active_chat_field frm_chat_start_page\" style=\"--title-margin-bottom: 25px;\" tabindex=\"0\"><div class=\"frm_submit frm_chat_start_wrapper\"><button class=\"button button-primary frm-button-primary frm_chat_start\">Los geht&#039;s!<\/button><span class=\"frm_press_enter\">Presse <strong>Absenden<\/strong> <svg width=\"16\" height=\"11\" fill=\"none\" xmlns=\"http:\/\/www.w3.org\/2000\/svg\" viewBox=\"0 0 16 11\"><path fill=\"currentColor\" d=\"M15.3 6c0 .7-.3 1.2-.7 1.7a2.2 2.2 0 0 1-1.7.7H7.4v2.3L.6 7.5l6.8-3.2v2.3H12c.3 0 .6-.1.8-.3.3-.2.4-.5.4-.8V.7h2V6Z\"\/><\/svg><\/span><\/div><\/div><input type=\"hidden\" name=\"form_id\" value=\"34\" \/>\n<input type=\"hidden\" name=\"frm_hide_fields_34\" id=\"frm_hide_fields_34\" value=\"\" \/>\n<input type=\"hidden\" name=\"form_key\" value=\"copenhagenburnoutinventory2\" \/>\n<input type=\"hidden\" name=\"item_meta[0]\" value=\"\" \/>\n<input type=\"hidden\" id=\"frm_submit_entry_34\" name=\"frm_submit_entry_34\" value=\"24682e2579\" \/><input type=\"hidden\" name=\"_wp_http_referer\" value=\"\/academy\/wp-json\/wp\/v2\/pages\/14821\" \/><div id=\"frm_field_687_container\" class=\"frm_form_field frm_inactive_chat_field frm_autoadvance form-field  frm_required_field frm_top_container vertical_radio\">\r\n    <div  id=\"field_byjhv2_label\" class=\"frm_primary_label\">Wie oft hast du Kontakt mit Kunden in einer normalen Arbeitswoche?\r\n        <span class=\"frm_required\">*<\/span>\r\n    <\/div>\r\n    <div class=\"frm_opt_container\" aria-labelledby=\"field_byjhv2_label\" role=\"radiogroup\" aria-required=\"true\">\t\t<div class=\"frm_radio\" id=\"frm_radio_687-0\">\t\t\t<label  for=\"field_byjhv2-0\">\n\t\t\t\t\t<input type=\"radio\" name=\"item_meta[687]\" id=\"field_byjhv2-0\" value=\"Immer\"\n\t\t data-reqmsg=\"Dieses Feld darf nicht leer sein.\" data-invmsg=\"Wie oft hast du Kontakt mit Kunden in einer normalen Arbeitswoche? ist ung\u00fcltig\"   \/> Immer<\/label><\/div>\n\t\t<div class=\"frm_radio\" id=\"frm_radio_687-1\">\t\t\t<label  for=\"field_byjhv2-1\">\n\t\t\t\t\t<input type=\"radio\" name=\"item_meta[687]\" id=\"field_byjhv2-1\" value=\"Oft\"\n\t\t data-reqmsg=\"Dieses Feld darf nicht leer sein.\" data-invmsg=\"Wie oft hast du Kontakt mit Kunden in einer normalen Arbeitswoche? ist ung\u00fcltig\"   \/> Oft<\/label><\/div>\n\t\t<div class=\"frm_radio\" id=\"frm_radio_687-2\">\t\t\t<label  for=\"field_byjhv2-2\">\n\t\t\t\t\t<input type=\"radio\" name=\"item_meta[687]\" id=\"field_byjhv2-2\" value=\"Manchmal\"\n\t\t data-reqmsg=\"Dieses Feld darf nicht leer sein.\" data-invmsg=\"Wie oft hast du Kontakt mit Kunden in einer normalen Arbeitswoche? ist ung\u00fcltig\"   \/> Manchmal<\/label><\/div>\n\t\t<div class=\"frm_radio\" id=\"frm_radio_687-3\">\t\t\t<label  for=\"field_byjhv2-3\">\n\t\t\t\t\t<input type=\"radio\" name=\"item_meta[687]\" id=\"field_byjhv2-3\" value=\"Selten\"\n\t\t data-reqmsg=\"Dieses Feld darf nicht leer sein.\" data-invmsg=\"Wie oft hast du Kontakt mit Kunden in einer normalen Arbeitswoche? ist ung\u00fcltig\"   \/> Selten<\/label><\/div>\n\t\t<div class=\"frm_radio\" id=\"frm_radio_687-4\">\t\t\t<label  for=\"field_byjhv2-4\">\n\t\t\t\t\t<input type=\"radio\" name=\"item_meta[687]\" id=\"field_byjhv2-4\" value=\"Nie\"\n\t\t data-reqmsg=\"Dieses Feld darf nicht leer sein.\" data-invmsg=\"Wie oft hast du Kontakt mit Kunden in einer normalen Arbeitswoche? ist ung\u00fcltig\"   \/> Nie<\/label><\/div>\n<\/div>\r\n    <div class=\"frm_description\" id=\"frm_desc_field_byjhv2\">Dieser Burnout-Test beinhaltet Fragen zur Kategorie &#8222;Kunde&#8220;. Ersetze je nach Berufsfeld den Begriff &#8222;Kunde&#8220; durch &#8222;Patient&#8220;, &#8222;Klient&#8220;, &#8222;Sch\u00fcler&#8220;, &#8222;Bewohner&#8220;, &#8222;Dienstleister&#8220;, &#8222;Leistungsempf\u00e4nger&#8220; oder &#8222;Student&#8220;&#8220;. <\/div>\r\n    \r\n<\/div>\n<input type=\"hidden\" name=\"frm_page_order_34\" id=\"frm_page_order_34\" value=\"2\" \/>\t\t<input  type=\"hidden\" name=\"item_meta[689]\" id=\"field_igpa32-0\" value=\"\"     \/>\n\t\t\t\t<input  type=\"hidden\" name=\"item_meta[690]\" id=\"field_g780h2-0\" value=\"\"     \/>\n\t\t\t\t<input  type=\"hidden\" name=\"item_meta[691]\" id=\"field_me2d32-0\" value=\"\"     \/>\n\t\t\t\t<input  type=\"hidden\" name=\"item_meta[692]\" id=\"field_5e5d12-0\" value=\"\"     \/>\n\t\t\t\t<input  type=\"hidden\" name=\"item_meta[693]\" id=\"field_fsamh2-0\" value=\"\"     \/>\n\t\t\t\t<input  type=\"hidden\" name=\"item_meta[694]\" id=\"field_9ogri2-0\" value=\"\"     \/>\n\t\t\t\t<input  type=\"hidden\" name=\"item_meta[695]\" id=\"field_9h82a2-0\" value=\"\"     \/>\n\t\t\t\t<input  type=\"hidden\" name=\"item_meta[696]\" id=\"field_y9k7k2-0\" value=\"\"     \/>\n\t\t\t\t<input  type=\"hidden\" name=\"item_meta[697]\" id=\"field_t5mad2-0\" value=\"\"     \/>\n\t\t\t\t<input  type=\"hidden\" name=\"item_meta[698]\" id=\"field_mnmi52-0\" value=\"\"     \/>\n\t\t\t\t<input  type=\"hidden\" name=\"item_meta[699]\" id=\"field_dyhba2-0\" value=\"\"     \/>\n\t\t\t\t<input  type=\"hidden\" name=\"item_meta[700]\" id=\"field_puuzo2-0\" value=\"\"     \/>\n\t\t\t\t<input  type=\"hidden\" name=\"item_meta[701]\" id=\"field_g87tn2-0\" value=\"\"     \/>\n\t\t\t\t<input  type=\"hidden\" name=\"item_meta[702]\" id=\"field_kj8b-0\" value=\"\"     \/>\n\t\t\t\t<input  type=\"hidden\" name=\"item_meta[703]\" id=\"field_8q3332-0\" value=\"\"     \/>\n\t\t\t\t<input  type=\"hidden\" name=\"item_meta[704]\" id=\"field_4y4ub2-0\" value=\"\"     \/>\n\t\t\t\t<input  type=\"hidden\" name=\"item_meta[705]\" id=\"field_ydgk32-0\" value=\"\"     \/>\n\t\t\t\t<input  type=\"hidden\" name=\"item_meta[706]\" id=\"field_a4nms2-0\" value=\"\"     \/>\n\t\t\t\t<input  type=\"hidden\" name=\"item_meta[707]\" id=\"field_pfsyk2-0\" value=\"\"     \/>\n\t\t\t\t<input  type=\"hidden\" name=\"item_meta[708]\" id=\"field_ake442\" value=\"\"     \/>\n\t\t\t\t<input  type=\"hidden\" name=\"item_meta[709]\" id=\"field_6yhfu2\" value=\"\"     \/>\n\t\t\t\t<input  type=\"hidden\" name=\"item_meta[710]\" id=\"field_u38712\" value=\"\"     \/>\n\t\t\t\t<input  type=\"hidden\" name=\"item_meta[744]\" id=\"field_3069y\" value=\"\"     \/>\n\t\t\t<input type=\"hidden\" name=\"item_key\" value=\"\" \/>\n\t\t\t<div id=\"frm_field_860_container\">\n\t\t\t<label for=\"field_a4aqy\" >\n\t\t\t\tFalls Du menschlich bist, lasse dieses Feld leer.\t\t\t<\/label>\n\t\t\t<input  id=\"field_a4aqy\" type=\"text\" class=\"frm_form_field form-field frm_verify\" name=\"item_meta[860]\" value=\"\"  \/>\n\t\t<\/div>\n\t\t<input name=\"frm_state\" type=\"hidden\" value=\"7CAdRnMkLBLurnHzUQ7jbISmqNgJ4olStBwvoUeIKgh7YVS6TIVwAxeyhghEH\/Px\" \/>\t\t<svg aria-hidden=\"true\" style=\"position: absolute; width: 0; height: 0; overflow: hidden;\" version=\"1.1\" xmlns=\"http:\/\/www.w3.org\/2000\/svg\" xmlns:xlink=\"http:\/\/www.w3.org\/1999\/xlink\">\n\t\t\t<defs>\n\t\t\t\t<symbol id=\"frm_trash_icon\" viewBox=\"0 0 20 20\" fill=\"none\"><path d=\"M2.5 5h15M6.667 5V3.334a1.667 1.667 0 011.667-1.667h3.333a1.667 1.667 0 011.667 1.667V5m2.5 0v11.667a1.667 1.667 0 01-1.667 1.667H5.834a1.667 1.667 0 01-1.667-1.667V5h11.667z\" stroke=\"#484E54\" stroke-linecap=\"round\" stroke-linejoin=\"round\"\/><\/symbol>\n\t\t\t<\/defs>\n\t\t<\/svg>\n\t\t<\/div>\n<\/fieldset>\n<\/div>\n\n<\/form><div class=\"frm-chat-wrapper\"><div class=\"frm_continue_chat_wrapper frm_submit\"><button class=\"button button-primary frm-button-primary frm_continue_chat frm_button_submit frm_hidden\"><span class=\"frm_continue_text\">Weiter<\/span><span class=\"frm_continue_final_text\">Jetzt Test auswerten<\/span> <svg width=\"16\" height=\"11\" fill=\"none\" xmlns=\"http:\/\/www.w3.org\/2000\/svg\" viewBox=\"0 0 16 11\"><path fill=\"currentColor\" d=\"M15.3 6c0 .7-.3 1.2-.7 1.7a2.2 2.2 0 0 1-1.7.7H7.4v2.3L.6 7.5l6.8-3.2v2.3H12c.3 0 .6-.1.8-.3.3-.2.4-.5.4-.8V.7h2V6Z\"\/><\/svg><\/button><\/div><div class=\"frm_chat_arrows\"><a href=\"#\" class=\"frm_chat_arrow frm_chat_prev_arrow\" role=\"button\" aria-label=\"Zur\u00fcck\"><svg width=\"19\" height=\"19\" viewBox=\"0 0 19 19\" fill=\"none\" xmlns=\"http:\/\/www.w3.org\/2000\/svg\"><path d=\"M14.75 9.5H4.25\" stroke=\"currentColor\" stroke-linecap=\"round\" stroke-linejoin=\"round\"\/><path d=\"M9.5 14.75L4.25 9.5L9.5 4.25\" stroke=\"currentColor\" stroke-linecap=\"round\" stroke-linejoin=\"round\"\/><\/svg><\/a><a href=\"#\" class=\"frm_chat_arrow frm_chat_next_arrow frm_button_submit\" role=\"button\" aria-label=\"Weiter\"><svg width=\"19\" height=\"19\" viewBox=\"0 0 19 19\" fill=\"none\" xmlns=\"http:\/\/www.w3.org\/2000\/svg\"><path d=\"M4.25 9.5H14.75\" stroke=\"currentColor\" stroke-linecap=\"round\" stroke-linejoin=\"round\"\/><path d=\"M9.5 14.75L14.75 9.5L9.5 4.25\" stroke=\"currentColor\" stroke-linecap=\"round\" stroke-linejoin=\"round\"\/><\/svg><svg class=\"frm_next_checkmark\" width=\"19\" height=\"19\" viewBox=\"0 0 19 19\" fill=\"none\" xmlns=\"http:\/\/www.w3.org\/2000\/svg\"><path d=\"M15.5 4.875L7.25 13.125L3.5 9.375\" stroke=\"currentColor\" stroke-linecap=\"round\" stroke-linejoin=\"round\"\/><\/svg><\/a><\/div><div class=\"frm-key-instructions\">Verwende <span class=\"frm-instruction-key\">Umschalt+Tab<\/span> , um zur\u00fcckzugehen<\/div><\/div>\n<\/div>\n<\/div><\/div>\n","protected":false},"excerpt":{"rendered":"<p>Noch chilled oder schon im Burnout? Dieser Burnout-Test basiert auf dem&nbsp;bew\u00e4hrten Verfahren des \u201eCopenhagen Burnout Inventory (CPI)\u201c&nbsp;und wendet sich an&nbsp;Berufst\u00e4tige oder Menschen, die einer regelm\u00e4\u00dfigen&hellip;<\/p>\n","protected":false},"author":1,"featured_media":0,"parent":0,"menu_order":0,"comment_status":"closed","ping_status":"closed","template":"page-fullwidth-content.php","meta":{"_uag_custom_page_level_css":"","footnotes":""},"class_list":["post-14821","page","type-page","status-publish","hentry"],"yoast_head":"<!-- This site is optimized with the Yoast SEO plugin v27.2 - https:\/\/yoast.com\/product\/yoast-seo-wordpress\/ -->\n<title>Kostenloser Burnout-Test - Anti-Stress-Academy<\/title>\n<meta name=\"description\" content=\"Du suchst einen kostenlosen Burnout-Test? Hier bist du richtig! Einfach Fragen beantworten und eine Sofortauswertung erhalten - leg los!\" \/>\n<meta name=\"robots\" content=\"noindex, follow, max-snippet:-1, max-image-preview:large, max-video-preview:-1\" \/>\n<meta property=\"og:locale\" content=\"de_DE\" \/>\n<meta property=\"og:type\" content=\"article\" \/>\n<meta property=\"og:title\" content=\"Kostenloser Burnout-Test - Anti-Stress-Academy\" \/>\n<meta property=\"og:description\" content=\"Du suchst einen kostenlosen Burnout-Test? Hier bist du richtig! Einfach Fragen beantworten und eine Sofortauswertung erhalten - leg los!\" \/>\n<meta property=\"og:url\" content=\"https:\/\/anti-stress-team.de\/academy\/kostenloser-burnout-test\/\" \/>\n<meta property=\"og:site_name\" content=\"Anti-Stress-Academy\" \/>\n<meta property=\"article:modified_time\" content=\"2024-07-29T19:43:20+00:00\" \/>\n<meta property=\"og:image\" content=\"https:\/\/anti-stress-team.de\/academy\/wp-content\/uploads\/2020\/03\/burnout-test.jpg\" \/>\n<meta name=\"twitter:card\" content=\"summary_large_image\" \/>\n<meta name=\"twitter:label1\" content=\"Gesch\u00e4tzte Lesezeit\" \/>\n\t<meta name=\"twitter:data1\" content=\"1\u00a0Minute\" \/>\n<script type=\"application\/ld+json\" class=\"yoast-schema-graph\">{\"@context\":\"https:\/\/schema.org\",\"@graph\":[{\"@type\":\"WebPage\",\"@id\":\"https:\/\/anti-stress-team.de\/academy\/kostenloser-burnout-test\/\",\"url\":\"https:\/\/anti-stress-team.de\/academy\/kostenloser-burnout-test\/\",\"name\":\"Kostenloser Burnout-Test - Anti-Stress-Academy\",\"isPartOf\":{\"@id\":\"https:\/\/anti-stress-team.de\/academy\/#website\"},\"primaryImageOfPage\":{\"@id\":\"https:\/\/anti-stress-team.de\/academy\/kostenloser-burnout-test\/#primaryimage\"},\"image\":{\"@id\":\"https:\/\/anti-stress-team.de\/academy\/kostenloser-burnout-test\/#primaryimage\"},\"thumbnailUrl\":\"https:\/\/anti-stress-team.de\/academy\/wp-content\/uploads\/2020\/03\/burnout-test.jpg\",\"datePublished\":\"2023-03-19T12:56:27+00:00\",\"dateModified\":\"2024-07-29T19:43:20+00:00\",\"description\":\"Du suchst einen kostenlosen Burnout-Test? Hier bist du richtig! Einfach Fragen beantworten und eine Sofortauswertung erhalten - leg los!\",\"breadcrumb\":{\"@id\":\"https:\/\/anti-stress-team.de\/academy\/kostenloser-burnout-test\/#breadcrumb\"},\"inLanguage\":\"de\",\"potentialAction\":[{\"@type\":\"ReadAction\",\"target\":[\"https:\/\/anti-stress-team.de\/academy\/kostenloser-burnout-test\/\"]}]},{\"@type\":\"ImageObject\",\"inLanguage\":\"de\",\"@id\":\"https:\/\/anti-stress-team.de\/academy\/kostenloser-burnout-test\/#primaryimage\",\"url\":\"https:\/\/anti-stress-team.de\/academy\/wp-content\/uploads\/2020\/03\/burnout-test.jpg\",\"contentUrl\":\"https:\/\/anti-stress-team.de\/academy\/wp-content\/uploads\/2020\/03\/burnout-test.jpg\",\"width\":1500,\"height\":733,\"caption\":\"Kostenloser Burnout Test\"},{\"@type\":\"BreadcrumbList\",\"@id\":\"https:\/\/anti-stress-team.de\/academy\/kostenloser-burnout-test\/#breadcrumb\",\"itemListElement\":[{\"@type\":\"ListItem\",\"position\":1,\"name\":\"Startseite\",\"item\":\"https:\/\/anti-stress-team.de\/academy\/\"},{\"@type\":\"ListItem\",\"position\":2,\"name\":\"Kostenloser Burnout-Test\"}]},{\"@type\":\"WebSite\",\"@id\":\"https:\/\/anti-stress-team.de\/academy\/#website\",\"url\":\"https:\/\/anti-stress-team.de\/academy\/\",\"name\":\"Anti-Stress-Academy\",\"description\":\"Dein Coaching f\u00fcr weniger Stress und mehr Balance\",\"publisher\":{\"@id\":\"https:\/\/anti-stress-team.de\/academy\/#organization\"},\"potentialAction\":[{\"@type\":\"SearchAction\",\"target\":{\"@type\":\"EntryPoint\",\"urlTemplate\":\"https:\/\/anti-stress-team.de\/academy\/?s={search_term_string}\"},\"query-input\":{\"@type\":\"PropertyValueSpecification\",\"valueRequired\":true,\"valueName\":\"search_term_string\"}}],\"inLanguage\":\"de\"},{\"@type\":\"Organization\",\"@id\":\"https:\/\/anti-stress-team.de\/academy\/#organization\",\"name\":\"Anti-Stress-Academy\",\"url\":\"https:\/\/anti-stress-team.de\/academy\/\",\"logo\":{\"@type\":\"ImageObject\",\"inLanguage\":\"de\",\"@id\":\"https:\/\/anti-stress-team.de\/academy\/#\/schema\/logo\/image\/\",\"url\":\"https:\/\/anti-stress-team.de\/academy\/wp-content\/uploads\/2019\/09\/logo-anti-stress-academy-text-1.png\",\"contentUrl\":\"https:\/\/anti-stress-team.de\/academy\/wp-content\/uploads\/2019\/09\/logo-anti-stress-academy-text-1.png\",\"width\":400,\"height\":98,\"caption\":\"Anti-Stress-Academy\"},\"image\":{\"@id\":\"https:\/\/anti-stress-team.de\/academy\/#\/schema\/logo\/image\/\"}}]}<\/script>\n<!-- \/ Yoast SEO plugin. -->","yoast_head_json":{"title":"Kostenloser Burnout-Test - Anti-Stress-Academy","description":"Du suchst einen kostenlosen Burnout-Test? Hier bist du richtig! Einfach Fragen beantworten und eine Sofortauswertung erhalten - leg los!","robots":{"index":"noindex","follow":"follow","max-snippet":"max-snippet:-1","max-image-preview":"max-image-preview:large","max-video-preview":"max-video-preview:-1"},"og_locale":"de_DE","og_type":"article","og_title":"Kostenloser Burnout-Test - Anti-Stress-Academy","og_description":"Du suchst einen kostenlosen Burnout-Test? Hier bist du richtig! Einfach Fragen beantworten und eine Sofortauswertung erhalten - leg los!","og_url":"https:\/\/anti-stress-team.de\/academy\/kostenloser-burnout-test\/","og_site_name":"Anti-Stress-Academy","article_modified_time":"2024-07-29T19:43:20+00:00","og_image":[{"url":"https:\/\/anti-stress-team.de\/academy\/wp-content\/uploads\/2020\/03\/burnout-test.jpg","type":"","width":"","height":""}],"twitter_card":"summary_large_image","twitter_misc":{"Gesch\u00e4tzte Lesezeit":"1\u00a0Minute"},"schema":{"@context":"https:\/\/schema.org","@graph":[{"@type":"WebPage","@id":"https:\/\/anti-stress-team.de\/academy\/kostenloser-burnout-test\/","url":"https:\/\/anti-stress-team.de\/academy\/kostenloser-burnout-test\/","name":"Kostenloser Burnout-Test - Anti-Stress-Academy","isPartOf":{"@id":"https:\/\/anti-stress-team.de\/academy\/#website"},"primaryImageOfPage":{"@id":"https:\/\/anti-stress-team.de\/academy\/kostenloser-burnout-test\/#primaryimage"},"image":{"@id":"https:\/\/anti-stress-team.de\/academy\/kostenloser-burnout-test\/#primaryimage"},"thumbnailUrl":"https:\/\/anti-stress-team.de\/academy\/wp-content\/uploads\/2020\/03\/burnout-test.jpg","datePublished":"2023-03-19T12:56:27+00:00","dateModified":"2024-07-29T19:43:20+00:00","description":"Du suchst einen kostenlosen Burnout-Test? Hier bist du richtig! Einfach Fragen beantworten und eine Sofortauswertung erhalten - leg los!","breadcrumb":{"@id":"https:\/\/anti-stress-team.de\/academy\/kostenloser-burnout-test\/#breadcrumb"},"inLanguage":"de","potentialAction":[{"@type":"ReadAction","target":["https:\/\/anti-stress-team.de\/academy\/kostenloser-burnout-test\/"]}]},{"@type":"ImageObject","inLanguage":"de","@id":"https:\/\/anti-stress-team.de\/academy\/kostenloser-burnout-test\/#primaryimage","url":"https:\/\/anti-stress-team.de\/academy\/wp-content\/uploads\/2020\/03\/burnout-test.jpg","contentUrl":"https:\/\/anti-stress-team.de\/academy\/wp-content\/uploads\/2020\/03\/burnout-test.jpg","width":1500,"height":733,"caption":"Kostenloser Burnout Test"},{"@type":"BreadcrumbList","@id":"https:\/\/anti-stress-team.de\/academy\/kostenloser-burnout-test\/#breadcrumb","itemListElement":[{"@type":"ListItem","position":1,"name":"Startseite","item":"https:\/\/anti-stress-team.de\/academy\/"},{"@type":"ListItem","position":2,"name":"Kostenloser Burnout-Test"}]},{"@type":"WebSite","@id":"https:\/\/anti-stress-team.de\/academy\/#website","url":"https:\/\/anti-stress-team.de\/academy\/","name":"Anti-Stress-Academy","description":"Dein Coaching f\u00fcr weniger Stress und mehr Balance","publisher":{"@id":"https:\/\/anti-stress-team.de\/academy\/#organization"},"potentialAction":[{"@type":"SearchAction","target":{"@type":"EntryPoint","urlTemplate":"https:\/\/anti-stress-team.de\/academy\/?s={search_term_string}"},"query-input":{"@type":"PropertyValueSpecification","valueRequired":true,"valueName":"search_term_string"}}],"inLanguage":"de"},{"@type":"Organization","@id":"https:\/\/anti-stress-team.de\/academy\/#organization","name":"Anti-Stress-Academy","url":"https:\/\/anti-stress-team.de\/academy\/","logo":{"@type":"ImageObject","inLanguage":"de","@id":"https:\/\/anti-stress-team.de\/academy\/#\/schema\/logo\/image\/","url":"https:\/\/anti-stress-team.de\/academy\/wp-content\/uploads\/2019\/09\/logo-anti-stress-academy-text-1.png","contentUrl":"https:\/\/anti-stress-team.de\/academy\/wp-content\/uploads\/2019\/09\/logo-anti-stress-academy-text-1.png","width":400,"height":98,"caption":"Anti-Stress-Academy"},"image":{"@id":"https:\/\/anti-stress-team.de\/academy\/#\/schema\/logo\/image\/"}}]}},"uagb_featured_image_src":{"full":false,"thumbnail":false,"medium":false,"medium_large":false,"large":false,"1536x1536":false,"2048x2048":false,"post-thumbnail":false},"uagb_author_info":{"display_name":"Andrea","author_link":"https:\/\/anti-stress-team.de\/academy\/author\/awiadmin\/"},"uagb_comment_info":0,"uagb_excerpt":"Noch chilled oder schon im Burnout? Dieser Burnout-Test basiert auf dem&nbsp;bew\u00e4hrten Verfahren des \u201eCopenhagen Burnout Inventory (CPI)\u201c&nbsp;und wendet sich an&nbsp;Berufst\u00e4tige oder Menschen, die einer regelm\u00e4\u00dfigen&hellip;","_links":{"self":[{"href":"https:\/\/anti-stress-team.de\/academy\/wp-json\/wp\/v2\/pages\/14821","targetHints":{"allow":["GET"]}}],"collection":[{"href":"https:\/\/anti-stress-team.de\/academy\/wp-json\/wp\/v2\/pages"}],"about":[{"href":"https:\/\/anti-stress-team.de\/academy\/wp-json\/wp\/v2\/types\/page"}],"author":[{"embeddable":true,"href":"https:\/\/anti-stress-team.de\/academy\/wp-json\/wp\/v2\/users\/1"}],"replies":[{"embeddable":true,"href":"https:\/\/anti-stress-team.de\/academy\/wp-json\/wp\/v2\/comments?post=14821"}],"version-history":[{"count":5,"href":"https:\/\/anti-stress-team.de\/academy\/wp-json\/wp\/v2\/pages\/14821\/revisions"}],"predecessor-version":[{"id":15046,"href":"https:\/\/anti-stress-team.de\/academy\/wp-json\/wp\/v2\/pages\/14821\/revisions\/15046"}],"wp:attachment":[{"href":"https:\/\/anti-stress-team.de\/academy\/wp-json\/wp\/v2\/media?parent=14821"}],"curies":[{"name":"wp","href":"https:\/\/api.w.org\/{rel}","templated":true}]}}