{"id":69,"date":"2019-08-08T16:26:05","date_gmt":"2019-08-08T14:26:05","guid":{"rendered":"https:\/\/test.cafe-campfire.de\/?page_id=69"},"modified":"2024-08-12T15:45:46","modified_gmt":"2024-08-12T13:45:46","slug":"home","status":"publish","type":"page","link":"https:\/\/anti-stress-team.de\/academy\/","title":{"rendered":"Home"},"content":{"rendered":"\n<div class=\"wp-block-uagb-container uagb-block-d396f2d6 alignfull uagb-is-root-container\"><div class=\"uagb-container-inner-blocks-wrap\">\n<div class=\"wp-block-cover is-light\" style=\"min-height:300px;aspect-ratio:unset;\"><span aria-hidden=\"true\" class=\"wp-block-cover__background has-background-dim\"><\/span><img loading=\"lazy\" decoding=\"async\" width=\"1000\" height=\"500\" class=\"wp-block-cover__image-background wp-image-12013\" alt=\"\" src=\"https:\/\/anti-stress-team.de\/academy\/wp-content\/uploads\/2021\/08\/52.jpg\" data-object-fit=\"cover\" srcset=\"https:\/\/anti-stress-team.de\/academy\/wp-content\/uploads\/2021\/08\/52.jpg 1000w, https:\/\/anti-stress-team.de\/academy\/wp-content\/uploads\/2021\/08\/52-300x150.jpg 300w, https:\/\/anti-stress-team.de\/academy\/wp-content\/uploads\/2021\/08\/52-768x384.jpg 768w, https:\/\/anti-stress-team.de\/academy\/wp-content\/uploads\/2021\/08\/52-400x200.jpg 400w, https:\/\/anti-stress-team.de\/academy\/wp-content\/uploads\/2021\/08\/52-624x312.jpg 624w, https:\/\/anti-stress-team.de\/academy\/wp-content\/uploads\/2021\/08\/52-600x300.jpg 600w\" sizes=\"auto, (max-width: 1000px) 100vw, 1000px\" \/><div class=\"wp-block-cover__inner-container is-layout-flow wp-block-cover-is-layout-flow\">\n<p class=\"has-text-align-center has-white-color has-text-color has-large-font-size\"><strong>Wir sind umgezogen!<\/strong><\/p>\n<\/div><\/div>\n<\/div><\/div>\n\n\n\n<div class=\"wp-block-uagb-container uagb-block-430c9ab8 alignfull uagb-is-root-container\"><div class=\"uagb-container-inner-blocks-wrap\">\n<div style=\"height:30px\" aria-hidden=\"true\" class=\"wp-block-spacer\"><\/div>\n\n\n\n<h1 class=\"wp-block-heading\">Die Anti-Stress-Academy<\/h1>\n\n\n\n<p>&#8230; hat ein neues Zuhause erhalten. Falls du ein Coaching oder einen Online-Kurs bei uns gekauft hast, solltest du Nachrichten zum Umzug und zum neuen Mitgliederbereich erhalten haben. Falls nicht: <a href=\"https:\/\/anti-stress-team.de\/kontakt\">Melde dich bei uns!<\/a><\/p>\n\n\n\n<p>Falls du einen unserer kostenlosen Kurse belegt hast, kannst du aktuell nicht mehr auf deine Inhalte zugreifen. Du m\u00f6chtest gern einen erneuten Zugang? <a href=\"https:\/\/anti-stress-team.de\/kontakt\/\">Dann schreib uns eine Nachricht!<\/a><\/p>\n<\/div><\/div>\n","protected":false},"excerpt":{"rendered":"<p>Die Anti-Stress-Academy &#8230; hat ein neues Zuhause erhalten. Falls du ein Coaching oder einen Online-Kurs bei uns gekauft hast, solltest du Nachrichten zum Umzug und&hellip;<\/p>\n","protected":false},"author":1,"featured_media":0,"parent":0,"menu_order":0,"comment_status":"closed","ping_status":"closed","template":"page-fullwidth-content.php","meta":{"_uag_custom_page_level_css":"","footnotes":""},"class_list":["post-69","page","type-page","status-publish","hentry"],"yoast_head":"<!-- This site is optimized with the Yoast SEO plugin v27.2 - https:\/\/yoast.com\/product\/yoast-seo-wordpress\/ -->\n<title>Home - Anti-Stress-Academy<\/title>\n<meta name=\"description\" content=\"Deine Anti-Stress-Academy: Erlerne effektive Techniken zur Stressbew\u00e4ltigung und f\u00f6rdere dein Wohlbefinden f\u00fcr ein erf\u00fclltes Leben.\" \/>\n<meta name=\"robots\" content=\"noindex, follow, max-snippet:-1, max-image-preview:large, max-video-preview:-1\" \/>\n<meta property=\"og:locale\" content=\"de_DE\" \/>\n<meta property=\"og:type\" content=\"article\" \/>\n<meta property=\"og:title\" content=\"Home - Anti-Stress-Academy\" \/>\n<meta property=\"og:description\" content=\"Deine Anti-Stress-Academy: Erlerne effektive Techniken zur Stressbew\u00e4ltigung und f\u00f6rdere dein Wohlbefinden f\u00fcr ein erf\u00fclltes Leben.\" \/>\n<meta property=\"og:url\" content=\"https:\/\/anti-stress-team.de\/academy\/\" \/>\n<meta property=\"og:site_name\" content=\"Anti-Stress-Academy\" \/>\n<meta property=\"article:modified_time\" content=\"2024-08-12T13:45:46+00:00\" \/>\n<meta property=\"og:image\" content=\"https:\/\/anti-stress-team.de\/academy\/wp-content\/uploads\/2021\/08\/52.jpg\" \/>\n<meta name=\"twitter:card\" content=\"summary_large_image\" \/>\n<meta name=\"twitter:label1\" content=\"Gesch\u00e4tzte Lesezeit\" \/>\n\t<meta name=\"twitter:data1\" content=\"1\u00a0Minute\" \/>\n<script type=\"application\/ld+json\" class=\"yoast-schema-graph\">{\"@context\":\"https:\/\/schema.org\",\"@graph\":[{\"@type\":\"WebPage\",\"@id\":\"https:\/\/anti-stress-team.de\/academy\/\",\"url\":\"https:\/\/anti-stress-team.de\/academy\/\",\"name\":\"Home - Anti-Stress-Academy\",\"isPartOf\":{\"@id\":\"https:\/\/anti-stress-team.de\/academy\/#website\"},\"primaryImageOfPage\":{\"@id\":\"https:\/\/anti-stress-team.de\/academy\/#primaryimage\"},\"image\":{\"@id\":\"https:\/\/anti-stress-team.de\/academy\/#primaryimage\"},\"thumbnailUrl\":\"https:\/\/anti-stress-team.de\/academy\/wp-content\/uploads\/2021\/08\/52.jpg\",\"datePublished\":\"2019-08-08T14:26:05+00:00\",\"dateModified\":\"2024-08-12T13:45:46+00:00\",\"description\":\"Deine Anti-Stress-Academy: Erlerne effektive Techniken zur Stressbew\u00e4ltigung und f\u00f6rdere dein Wohlbefinden f\u00fcr ein erf\u00fclltes Leben.\",\"breadcrumb\":{\"@id\":\"https:\/\/anti-stress-team.de\/academy\/#breadcrumb\"},\"inLanguage\":\"de\",\"potentialAction\":[{\"@type\":\"ReadAction\",\"target\":[\"https:\/\/anti-stress-team.de\/academy\/\"]}]},{\"@type\":\"ImageObject\",\"inLanguage\":\"de\",\"@id\":\"https:\/\/anti-stress-team.de\/academy\/#primaryimage\",\"url\":\"https:\/\/anti-stress-team.de\/academy\/wp-content\/uploads\/2021\/08\/52.jpg\",\"contentUrl\":\"https:\/\/anti-stress-team.de\/academy\/wp-content\/uploads\/2021\/08\/52.jpg\",\"width\":1000,\"height\":500},{\"@type\":\"BreadcrumbList\",\"@id\":\"https:\/\/anti-stress-team.de\/academy\/#breadcrumb\",\"itemListElement\":[{\"@type\":\"ListItem\",\"position\":1,\"name\":\"Startseite\",\"item\":\"https:\/\/anti-stress-team.de\/academy\/\"},{\"@type\":\"ListItem\",\"position\":2,\"name\":\"Home\"}]},{\"@type\":\"WebSite\",\"@id\":\"https:\/\/anti-stress-team.de\/academy\/#website\",\"url\":\"https:\/\/anti-stress-team.de\/academy\/\",\"name\":\"Anti-Stress-Academy\",\"description\":\"Dein Coaching f\u00fcr weniger Stress und mehr Balance\",\"publisher\":{\"@id\":\"https:\/\/anti-stress-team.de\/academy\/#organization\"},\"potentialAction\":[{\"@type\":\"SearchAction\",\"target\":{\"@type\":\"EntryPoint\",\"urlTemplate\":\"https:\/\/anti-stress-team.de\/academy\/?s={search_term_string}\"},\"query-input\":{\"@type\":\"PropertyValueSpecification\",\"valueRequired\":true,\"valueName\":\"search_term_string\"}}],\"inLanguage\":\"de\"},{\"@type\":\"Organization\",\"@id\":\"https:\/\/anti-stress-team.de\/academy\/#organization\",\"name\":\"Anti-Stress-Academy\",\"url\":\"https:\/\/anti-stress-team.de\/academy\/\",\"logo\":{\"@type\":\"ImageObject\",\"inLanguage\":\"de\",\"@id\":\"https:\/\/anti-stress-team.de\/academy\/#\/schema\/logo\/image\/\",\"url\":\"https:\/\/anti-stress-team.de\/academy\/wp-content\/uploads\/2019\/09\/logo-anti-stress-academy-text-1.png\",\"contentUrl\":\"https:\/\/anti-stress-team.de\/academy\/wp-content\/uploads\/2019\/09\/logo-anti-stress-academy-text-1.png\",\"width\":400,\"height\":98,\"caption\":\"Anti-Stress-Academy\"},\"image\":{\"@id\":\"https:\/\/anti-stress-team.de\/academy\/#\/schema\/logo\/image\/\"}}]}<\/script>\n<!-- \/ Yoast SEO plugin. -->","yoast_head_json":{"title":"Home - Anti-Stress-Academy","description":"Deine Anti-Stress-Academy: Erlerne effektive Techniken zur Stressbew\u00e4ltigung und f\u00f6rdere dein Wohlbefinden f\u00fcr ein erf\u00fclltes Leben.","robots":{"index":"noindex","follow":"follow","max-snippet":"max-snippet:-1","max-image-preview":"max-image-preview:large","max-video-preview":"max-video-preview:-1"},"og_locale":"de_DE","og_type":"article","og_title":"Home - Anti-Stress-Academy","og_description":"Deine Anti-Stress-Academy: Erlerne effektive Techniken zur Stressbew\u00e4ltigung und f\u00f6rdere dein Wohlbefinden f\u00fcr ein erf\u00fclltes Leben.","og_url":"https:\/\/anti-stress-team.de\/academy\/","og_site_name":"Anti-Stress-Academy","article_modified_time":"2024-08-12T13:45:46+00:00","og_image":[{"url":"https:\/\/anti-stress-team.de\/academy\/wp-content\/uploads\/2021\/08\/52.jpg","type":"","width":"","height":""}],"twitter_card":"summary_large_image","twitter_misc":{"Gesch\u00e4tzte Lesezeit":"1\u00a0Minute"},"schema":{"@context":"https:\/\/schema.org","@graph":[{"@type":"WebPage","@id":"https:\/\/anti-stress-team.de\/academy\/","url":"https:\/\/anti-stress-team.de\/academy\/","name":"Home - Anti-Stress-Academy","isPartOf":{"@id":"https:\/\/anti-stress-team.de\/academy\/#website"},"primaryImageOfPage":{"@id":"https:\/\/anti-stress-team.de\/academy\/#primaryimage"},"image":{"@id":"https:\/\/anti-stress-team.de\/academy\/#primaryimage"},"thumbnailUrl":"https:\/\/anti-stress-team.de\/academy\/wp-content\/uploads\/2021\/08\/52.jpg","datePublished":"2019-08-08T14:26:05+00:00","dateModified":"2024-08-12T13:45:46+00:00","description":"Deine Anti-Stress-Academy: Erlerne effektive Techniken zur Stressbew\u00e4ltigung und f\u00f6rdere dein Wohlbefinden f\u00fcr ein erf\u00fclltes Leben.","breadcrumb":{"@id":"https:\/\/anti-stress-team.de\/academy\/#breadcrumb"},"inLanguage":"de","potentialAction":[{"@type":"ReadAction","target":["https:\/\/anti-stress-team.de\/academy\/"]}]},{"@type":"ImageObject","inLanguage":"de","@id":"https:\/\/anti-stress-team.de\/academy\/#primaryimage","url":"https:\/\/anti-stress-team.de\/academy\/wp-content\/uploads\/2021\/08\/52.jpg","contentUrl":"https:\/\/anti-stress-team.de\/academy\/wp-content\/uploads\/2021\/08\/52.jpg","width":1000,"height":500},{"@type":"BreadcrumbList","@id":"https:\/\/anti-stress-team.de\/academy\/#breadcrumb","itemListElement":[{"@type":"ListItem","position":1,"name":"Startseite","item":"https:\/\/anti-stress-team.de\/academy\/"},{"@type":"ListItem","position":2,"name":"Home"}]},{"@type":"WebSite","@id":"https:\/\/anti-stress-team.de\/academy\/#website","url":"https:\/\/anti-stress-team.de\/academy\/","name":"Anti-Stress-Academy","description":"Dein Coaching f\u00fcr weniger Stress und mehr Balance","publisher":{"@id":"https:\/\/anti-stress-team.de\/academy\/#organization"},"potentialAction":[{"@type":"SearchAction","target":{"@type":"EntryPoint","urlTemplate":"https:\/\/anti-stress-team.de\/academy\/?s={search_term_string}"},"query-input":{"@type":"PropertyValueSpecification","valueRequired":true,"valueName":"search_term_string"}}],"inLanguage":"de"},{"@type":"Organization","@id":"https:\/\/anti-stress-team.de\/academy\/#organization","name":"Anti-Stress-Academy","url":"https:\/\/anti-stress-team.de\/academy\/","logo":{"@type":"ImageObject","inLanguage":"de","@id":"https:\/\/anti-stress-team.de\/academy\/#\/schema\/logo\/image\/","url":"https:\/\/anti-stress-team.de\/academy\/wp-content\/uploads\/2019\/09\/logo-anti-stress-academy-text-1.png","contentUrl":"https:\/\/anti-stress-team.de\/academy\/wp-content\/uploads\/2019\/09\/logo-anti-stress-academy-text-1.png","width":400,"height":98,"caption":"Anti-Stress-Academy"},"image":{"@id":"https:\/\/anti-stress-team.de\/academy\/#\/schema\/logo\/image\/"}}]}},"uagb_featured_image_src":{"full":false,"thumbnail":false,"medium":false,"medium_large":false,"large":false,"1536x1536":false,"2048x2048":false,"post-thumbnail":false},"uagb_author_info":{"display_name":"Andrea","author_link":"https:\/\/anti-stress-team.de\/academy\/author\/awiadmin\/"},"uagb_comment_info":0,"uagb_excerpt":"Die Anti-Stress-Academy &#8230; hat ein neues Zuhause erhalten. Falls du ein Coaching oder einen Online-Kurs bei uns gekauft hast, solltest du Nachrichten zum Umzug und&hellip;","_links":{"self":[{"href":"https:\/\/anti-stress-team.de\/academy\/wp-json\/wp\/v2\/pages\/69","targetHints":{"allow":["GET"]}}],"collection":[{"href":"https:\/\/anti-stress-team.de\/academy\/wp-json\/wp\/v2\/pages"}],"about":[{"href":"https:\/\/anti-stress-team.de\/academy\/wp-json\/wp\/v2\/types\/page"}],"author":[{"embeddable":true,"href":"https:\/\/anti-stress-team.de\/academy\/wp-json\/wp\/v2\/users\/1"}],"replies":[{"embeddable":true,"href":"https:\/\/anti-stress-team.de\/academy\/wp-json\/wp\/v2\/comments?post=69"}],"version-history":[{"count":124,"href":"https:\/\/anti-stress-team.de\/academy\/wp-json\/wp\/v2\/pages\/69\/revisions"}],"predecessor-version":[{"id":15048,"href":"https:\/\/anti-stress-team.de\/academy\/wp-json\/wp\/v2\/pages\/69\/revisions\/15048"}],"wp:attachment":[{"href":"https:\/\/anti-stress-team.de\/academy\/wp-json\/wp\/v2\/media?parent=69"}],"curies":[{"name":"wp","href":"https:\/\/api.w.org\/{rel}","templated":true}]}}